{"id":9525,"date":"2023-07-04T11:38:08","date_gmt":"2023-07-04T09:38:08","guid":{"rendered":"https:\/\/kivikshotell.se\/experience-osterlen\/"},"modified":"2023-12-05T15:21:30","modified_gmt":"2023-12-05T14:21:30","slug":"experience-osterlen","status":"publish","type":"page","link":"https:\/\/kivikshotell.se\/en\/experience-osterlen\/","title":{"rendered":"Experience \u00d6sterlen"},"content":{"rendered":"\t\t<div data-elementor-type=\"wp-page\" data-elementor-id=\"9525\" class=\"elementor elementor-9525 elementor-3884\" data-elementor-post-type=\"page\">\n\t\t\t\t<div class=\"elementor-element elementor-element-25aacf0 e-flex e-con-boxed e-con e-parent\" data-id=\"25aacf0\" data-element_type=\"container\" data-e-type=\"container\">\n\t\t\t\t\t<div class=\"e-con-inner\">\n\t\t<div class=\"elementor-element elementor-element-4fef195 e-flex e-con-boxed e-con e-child\" data-id=\"4fef195\" data-element_type=\"container\" data-e-type=\"container\">\n\t\t\t\t\t<div class=\"e-con-inner\">\n\t\t\t\t<div class=\"elementor-element elementor-element-72656ee elementor-widget__width-initial elementor-widget elementor-widget-text-editor\" data-id=\"72656ee\" data-element_type=\"widget\" data-e-type=\"widget\" data-widget_type=\"text-editor.default\">\n\t\t\t\t<div class=\"elementor-widget-container\">\n\t\t\t\t\t\t\t\t\t<p class=\"p1\">Go on an apple blossom safari in the plantations and enjoy the tranquility of the beaches in the spring, climb to the top of Stenshuvud in the national park, set up a picnic in Kn\u00e4b\u00e4ckshusen, pick raspberries and strawberries in the hills of northern Br\u00f6sarp, enjoy harvest parties at the end of the summer and the apple market on the last weekend in September, take a forest bath a paradise of beech trees in the fall, and see nature&#8217;s own ice sculptures in the waterfalls at Hallam\u00f6lla in the winter. Row in a mirror like lake in Gyllebo or hike a bit on the Sk\u00e5neleden trail&#8230;<\/p>\n<p class=\"p1\">There is much to do and experience in \u00d6sterlen all year round. But the best thing is that with us you don&#8217;t have to do anything, unless you want to, to still feel like you are really experiencing \u00d6sterlen. You can simply sit down in front of the view, and just be here and now. Maybe try to count how many different shades of blue the sea can produce and just enjoy the spectacular views from our hotel, whatever the weather and season.<\/p>\n\t\t\t\t\t\t\t\t<\/div>\n\t\t\t\t<\/div>\n\t\t\t\t\t<\/div>\n\t\t\t\t<\/div>\n\t\t<div class=\"elementor-element elementor-element-1dde629 e-con-full e-flex e-con e-child\" data-id=\"1dde629\" data-element_type=\"container\" data-e-type=\"container\">\n\t\t<div class=\"elementor-element elementor-element-e757aba e-con-full e-flex e-con e-child\" data-id=\"e757aba\" data-element_type=\"container\" data-e-type=\"container\">\n\t\t\t\t<div class=\"elementor-element elementor-element-504a9b6 elementor-widget elementor-widget-gallery\" data-id=\"504a9b6\" data-element_type=\"widget\" data-e-type=\"widget\" data-settings=\"{&quot;columns&quot;:3,&quot;gap&quot;:{&quot;unit&quot;:&quot;px&quot;,&quot;size&quot;:0,&quot;sizes&quot;:[]},&quot;aspect_ratio&quot;:&quot;9:16&quot;,&quot;lazyload&quot;:&quot;yes&quot;,&quot;gallery_layout&quot;:&quot;grid&quot;,&quot;columns_tablet&quot;:2,&quot;columns_mobile&quot;:1,&quot;gap_tablet&quot;:{&quot;unit&quot;:&quot;px&quot;,&quot;size&quot;:10,&quot;sizes&quot;:[]},&quot;gap_mobile&quot;:{&quot;unit&quot;:&quot;px&quot;,&quot;size&quot;:10,&quot;sizes&quot;:[]},&quot;content_hover_animation&quot;:&quot;fade-in&quot;}\" data-widget_type=\"gallery.default\">\n\t\t\t\t<div class=\"elementor-widget-container\">\n\t\t\t\t\t\t\t<div class=\"elementor-gallery__container\">\n\t\t\t\t\t\t\t<div class=\"e-gallery-item elementor-gallery-item elementor-animated-content\">\n\t\t\t\t\t<div class=\"e-gallery-image elementor-gallery-item__image\" data-thumbnail=\"https:\/\/kivikshotell.se\/wp-content\/uploads\/2023\/06\/vandirng-scaled.jpg\" data-width=\"1707\" data-height=\"2560\" aria-label=\"\" role=\"img\" ><\/div>\n\t\t\t\t\t\t\t\t\t\t\t\t\t\t<\/div>\n\t\t\t\t\t\t\t<div class=\"e-gallery-item elementor-gallery-item elementor-animated-content\">\n\t\t\t\t\t<div class=\"e-gallery-image elementor-gallery-item__image\" data-thumbnail=\"https:\/\/kivikshotell.se\/wp-content\/uploads\/2023\/06\/C0629T01-rotated.jpg\" data-width=\"720\" data-height=\"1280\" aria-label=\"\" role=\"img\" ><\/div>\n\t\t\t\t\t\t\t\t\t\t\t\t\t\t<\/div>\n\t\t\t\t\t\t\t<div class=\"e-gallery-item elementor-gallery-item elementor-animated-content\">\n\t\t\t\t\t<div class=\"e-gallery-image elementor-gallery-item__image\" data-thumbnail=\"https:\/\/kivikshotell.se\/wp-content\/uploads\/2023\/06\/Blaregnjuni-2023-4726-scaled.jpg\" data-width=\"2560\" data-height=\"1707\" aria-label=\"\" role=\"img\" ><\/div>\n\t\t\t\t\t\t\t\t\t\t\t\t\t\t<\/div>\n\t\t\t\t\t<\/div>\n\t\t\t\t\t<\/div>\n\t\t\t\t<\/div>\n\t\t\t\t<\/div>\n\t\t\t\t<\/div>\n\t\t\t\t\t<\/div>\n\t\t\t\t<\/div>\n\t\t\t\t<\/div>\n\t\t","protected":false},"excerpt":{"rendered":"<p>Go on an apple blossom safari in the plantations and enjoy the tranquility of the beaches in the spring, climb to the top of Stenshuvud in the national park, set up a picnic in Kn\u00e4b\u00e4ckshusen, pick raspberries and strawberries in the hills of northern Br\u00f6sarp, enjoy harvest parties at the end of the summer and [&hellip;]<\/p>\n","protected":false},"author":4,"featured_media":0,"parent":0,"menu_order":0,"comment_status":"closed","ping_status":"closed","template":"","meta":{"_acf_changed":false,"inline_featured_image":false,"footnotes":""},"class_list":["post-9525","page","type-page","status-publish","hentry"],"acf":[],"yoast_head":"<!-- This site is optimized with the Yoast SEO plugin v27.5 - https:\/\/yoast.com\/product\/yoast-seo-wordpress\/ -->\n<title>Experience \u00d6sterlen - Kiviks Hotell<\/title>\n<meta name=\"description\" content=\"Experience \u00d6sterlen - Kiviks Hotell\" \/>\n<meta name=\"robots\" content=\"index, follow, max-snippet:-1, max-image-preview:large, max-video-preview:-1\" \/>\n<link rel=\"canonical\" href=\"https:\/\/kivikshotell.se\/en\/experience-osterlen\/\" \/>\n<meta property=\"og:locale\" content=\"en_US\" \/>\n<meta property=\"og:type\" content=\"article\" \/>\n<meta property=\"og:title\" content=\"Experience \u00d6sterlen - Kiviks Hotell\" \/>\n<meta property=\"og:description\" content=\"Experience \u00d6sterlen - Kiviks Hotell\" \/>\n<meta property=\"og:url\" content=\"https:\/\/kivikshotell.se\/en\/experience-osterlen\/\" \/>\n<meta property=\"og:site_name\" content=\"Kiviks Hotell\" \/>\n<meta property=\"article:publisher\" content=\"https:\/\/www.facebook.com\/kivikshotell\" \/>\n<meta property=\"article:modified_time\" content=\"2023-12-05T14:21:30+00:00\" \/>\n<meta name=\"twitter:card\" content=\"summary_large_image\" \/>\n<meta name=\"twitter:label1\" content=\"Est. reading time\" \/>\n\t<meta name=\"twitter:data1\" content=\"1 minute\" \/>\n<script type=\"application\/ld+json\" class=\"yoast-schema-graph\">{\"@context\":\"https:\\\/\\\/schema.org\",\"@graph\":[{\"@type\":\"WebPage\",\"@id\":\"https:\\\/\\\/kivikshotell.se\\\/en\\\/experience-osterlen\\\/\",\"url\":\"https:\\\/\\\/kivikshotell.se\\\/en\\\/experience-osterlen\\\/\",\"name\":\"Experience \u00d6sterlen - Kiviks Hotell\",\"isPartOf\":{\"@id\":\"https:\\\/\\\/kivikshotell.se\\\/en\\\/#website\"},\"datePublished\":\"2023-07-04T09:38:08+00:00\",\"dateModified\":\"2023-12-05T14:21:30+00:00\",\"description\":\"Experience \u00d6sterlen - Kiviks Hotell\",\"breadcrumb\":{\"@id\":\"https:\\\/\\\/kivikshotell.se\\\/en\\\/experience-osterlen\\\/#breadcrumb\"},\"inLanguage\":\"en-US\",\"potentialAction\":[{\"@type\":\"ReadAction\",\"target\":[\"https:\\\/\\\/kivikshotell.se\\\/en\\\/experience-osterlen\\\/\"]}]},{\"@type\":\"BreadcrumbList\",\"@id\":\"https:\\\/\\\/kivikshotell.se\\\/en\\\/experience-osterlen\\\/#breadcrumb\",\"itemListElement\":[{\"@type\":\"ListItem\",\"position\":1,\"name\":\"Hem\",\"item\":\"https:\\\/\\\/kivikshotell.se\\\/en\\\/\"},{\"@type\":\"ListItem\",\"position\":2,\"name\":\"Experience \u00d6sterlen\"}]},{\"@type\":\"WebSite\",\"@id\":\"https:\\\/\\\/kivikshotell.se\\\/en\\\/#website\",\"url\":\"https:\\\/\\\/kivikshotell.se\\\/en\\\/\",\"name\":\"Kiviks Hotell\",\"description\":\"\",\"publisher\":{\"@id\":\"https:\\\/\\\/kivikshotell.se\\\/en\\\/#organization\"},\"potentialAction\":[{\"@type\":\"SearchAction\",\"target\":{\"@type\":\"EntryPoint\",\"urlTemplate\":\"https:\\\/\\\/kivikshotell.se\\\/en\\\/?s={search_term_string}\"},\"query-input\":{\"@type\":\"PropertyValueSpecification\",\"valueRequired\":true,\"valueName\":\"search_term_string\"}}],\"inLanguage\":\"en-US\"},{\"@type\":\"Organization\",\"@id\":\"https:\\\/\\\/kivikshotell.se\\\/en\\\/#organization\",\"name\":\"Kiviks Hotell\",\"url\":\"https:\\\/\\\/kivikshotell.se\\\/en\\\/\",\"logo\":{\"@type\":\"ImageObject\",\"inLanguage\":\"en-US\",\"@id\":\"https:\\\/\\\/kivikshotell.se\\\/en\\\/#\\\/schema\\\/logo\\\/image\\\/\",\"url\":\"https:\\\/\\\/kivikshotell.se\\\/wp-content\\\/uploads\\\/2023\\\/05\\\/Kivikshotell_logo.svg\",\"contentUrl\":\"https:\\\/\\\/kivikshotell.se\\\/wp-content\\\/uploads\\\/2023\\\/05\\\/Kivikshotell_logo.svg\",\"width\":127,\"height\":66,\"caption\":\"Kiviks Hotell\"},\"image\":{\"@id\":\"https:\\\/\\\/kivikshotell.se\\\/en\\\/#\\\/schema\\\/logo\\\/image\\\/\"},\"sameAs\":[\"https:\\\/\\\/www.facebook.com\\\/kivikshotell\",\"https:\\\/\\\/www.instagram.com\\\/kivikshotell\\\/\"]}]}<\/script>\n<!-- \/ Yoast SEO plugin. -->","yoast_head_json":{"title":"Experience \u00d6sterlen - Kiviks Hotell","description":"Experience \u00d6sterlen - Kiviks Hotell","robots":{"index":"index","follow":"follow","max-snippet":"max-snippet:-1","max-image-preview":"max-image-preview:large","max-video-preview":"max-video-preview:-1"},"canonical":"https:\/\/kivikshotell.se\/en\/experience-osterlen\/","og_locale":"en_US","og_type":"article","og_title":"Experience \u00d6sterlen - Kiviks Hotell","og_description":"Experience \u00d6sterlen - Kiviks Hotell","og_url":"https:\/\/kivikshotell.se\/en\/experience-osterlen\/","og_site_name":"Kiviks Hotell","article_publisher":"https:\/\/www.facebook.com\/kivikshotell","article_modified_time":"2023-12-05T14:21:30+00:00","twitter_card":"summary_large_image","twitter_misc":{"Est. reading time":"1 minute"},"schema":{"@context":"https:\/\/schema.org","@graph":[{"@type":"WebPage","@id":"https:\/\/kivikshotell.se\/en\/experience-osterlen\/","url":"https:\/\/kivikshotell.se\/en\/experience-osterlen\/","name":"Experience \u00d6sterlen - Kiviks Hotell","isPartOf":{"@id":"https:\/\/kivikshotell.se\/en\/#website"},"datePublished":"2023-07-04T09:38:08+00:00","dateModified":"2023-12-05T14:21:30+00:00","description":"Experience \u00d6sterlen - Kiviks Hotell","breadcrumb":{"@id":"https:\/\/kivikshotell.se\/en\/experience-osterlen\/#breadcrumb"},"inLanguage":"en-US","potentialAction":[{"@type":"ReadAction","target":["https:\/\/kivikshotell.se\/en\/experience-osterlen\/"]}]},{"@type":"BreadcrumbList","@id":"https:\/\/kivikshotell.se\/en\/experience-osterlen\/#breadcrumb","itemListElement":[{"@type":"ListItem","position":1,"name":"Hem","item":"https:\/\/kivikshotell.se\/en\/"},{"@type":"ListItem","position":2,"name":"Experience \u00d6sterlen"}]},{"@type":"WebSite","@id":"https:\/\/kivikshotell.se\/en\/#website","url":"https:\/\/kivikshotell.se\/en\/","name":"Kiviks Hotell","description":"","publisher":{"@id":"https:\/\/kivikshotell.se\/en\/#organization"},"potentialAction":[{"@type":"SearchAction","target":{"@type":"EntryPoint","urlTemplate":"https:\/\/kivikshotell.se\/en\/?s={search_term_string}"},"query-input":{"@type":"PropertyValueSpecification","valueRequired":true,"valueName":"search_term_string"}}],"inLanguage":"en-US"},{"@type":"Organization","@id":"https:\/\/kivikshotell.se\/en\/#organization","name":"Kiviks Hotell","url":"https:\/\/kivikshotell.se\/en\/","logo":{"@type":"ImageObject","inLanguage":"en-US","@id":"https:\/\/kivikshotell.se\/en\/#\/schema\/logo\/image\/","url":"https:\/\/kivikshotell.se\/wp-content\/uploads\/2023\/05\/Kivikshotell_logo.svg","contentUrl":"https:\/\/kivikshotell.se\/wp-content\/uploads\/2023\/05\/Kivikshotell_logo.svg","width":127,"height":66,"caption":"Kiviks Hotell"},"image":{"@id":"https:\/\/kivikshotell.se\/en\/#\/schema\/logo\/image\/"},"sameAs":["https:\/\/www.facebook.com\/kivikshotell","https:\/\/www.instagram.com\/kivikshotell\/"]}]}},"_links":{"self":[{"href":"https:\/\/kivikshotell.se\/en\/wp-json\/wp\/v2\/pages\/9525","targetHints":{"allow":["GET"]}}],"collection":[{"href":"https:\/\/kivikshotell.se\/en\/wp-json\/wp\/v2\/pages"}],"about":[{"href":"https:\/\/kivikshotell.se\/en\/wp-json\/wp\/v2\/types\/page"}],"author":[{"embeddable":true,"href":"https:\/\/kivikshotell.se\/en\/wp-json\/wp\/v2\/users\/4"}],"replies":[{"embeddable":true,"href":"https:\/\/kivikshotell.se\/en\/wp-json\/wp\/v2\/comments?post=9525"}],"version-history":[{"count":9,"href":"https:\/\/kivikshotell.se\/en\/wp-json\/wp\/v2\/pages\/9525\/revisions"}],"predecessor-version":[{"id":12223,"href":"https:\/\/kivikshotell.se\/en\/wp-json\/wp\/v2\/pages\/9525\/revisions\/12223"}],"wp:attachment":[{"href":"https:\/\/kivikshotell.se\/en\/wp-json\/wp\/v2\/media?parent=9525"}],"curies":[{"name":"wp","href":"https:\/\/api.w.org\/{rel}","templated":true}]}}